{"id":22,"date":"2021-03-13T13:13:33","date_gmt":"2021-03-13T13:13:33","guid":{"rendered":"https:\/\/motorblock.fm\/?page_id=22"},"modified":"2025-08-21T13:23:53","modified_gmt":"2025-08-21T13:23:53","slug":"ueber-uns","status":"publish","type":"page","link":"https:\/\/motorblock.fm\/?page_id=22","title":{"rendered":"\u00dcber uns"},"content":{"rendered":"\n<p>Wir sind Vater und Sohn &#8211; ein Team. Seit vielen Jahren berichten wir aus den unterschiedlichsten Ecken der Welt \u00fcber Autos und Motorr\u00e4der. Von A wie Audi RSQ8 auf Teneriffa bis Z wie Zero das Elektro-Motorrad in Berlin. Wir sind dabei.  <\/p>\n\n\n\n<h2 class=\"has-text-align-center\">Das Duo<\/h2>\n\n\n\n<div class=\"wp-block-image is-style-rounded\"><figure class=\"aligncenter size-medium\"><img loading=\"lazy\" width=\"300\" height=\"300\" src=\"https:\/\/motorblock.fm\/wp-content\/uploads\/2021\/04\/johannes-edited-300x300.jpg\" alt=\"\" class=\"wp-image-78\" srcset=\"https:\/\/motorblock.fm\/wp-content\/uploads\/2021\/04\/johannes-edited-300x300.jpg 300w, https:\/\/motorblock.fm\/wp-content\/uploads\/2021\/04\/johannes-edited-1024x1024.jpg 1024w, https:\/\/motorblock.fm\/wp-content\/uploads\/2021\/04\/johannes-edited-150x150.jpg 150w, https:\/\/motorblock.fm\/wp-content\/uploads\/2021\/04\/johannes-edited-768x768.jpg 768w, https:\/\/motorblock.fm\/wp-content\/uploads\/2021\/04\/johannes-edited.jpg 1068w\" sizes=\"(max-width: 300px) 100vw, 300px\" \/><\/figure><\/div>\n\n\n\n<div class=\"wp-block-group\"><div class=\"wp-block-group__inner-container\">\n<p class=\"has-text-align-center\"><strong>Johannes A.i. Unruh<\/strong><\/p>\n\n\n\n<p class=\"has-drop-cap\" style=\"font-size:14px\">Johannes Unruh ist ein echter Berliner. In Berlin geboren, aufgewachsen und zur Universit\u00e4t gegangen. Studiert hat er Wirtschaftsingenieurwesen (B.Sc &amp; M.Sc) an der TU Berlin, sowie IT-Systems Engineering (B.Sc.) am Hasso-Plattner-Institut in Potsdam. Hauptberuflich ist er Softwareentwickler und hat sich mit der Firma <em>neopolis Gmbh<\/em> selbstst\u00e4ndig gemacht.<\/p>\n\n\n\n<p style=\"font-size:14px\">Kaum hat Johannes seinen F\u00fchrerschein in den H\u00e4nden, berichtet er \u00fcber Autos und Motorr\u00e4der, macht gemeinsame Reportagen und Vergleichests mit seinem Vater. Im  Studium hat er sich durch Praktika und Abschlussarbeiten bei Firmen wie Volkswagen und BMW Motorrad ein breites Wissen im Bereich Fahrzeugtechnik angeeignet. Vor der Gr\u00fcndung seiner Firma schreibt er als Freier Motorjournalist f\u00fcr die Global-Press Nachrichtenagentur \u00fcber Motorthemen.<\/p>\n<\/div><\/div>\n\n\n\n<div class=\"wp-block-group\"><div class=\"wp-block-group__inner-container\">\n<div class=\"wp-block-image is-style-rounded\"><figure class=\"aligncenter size-large is-resized\"><img src=\"https:\/\/motorblock.fm\/wp-content\/uploads\/2021\/04\/rainer-edited-1.jpeg\" alt=\"\" class=\"wp-image-131\" width=\"300\" srcset=\"https:\/\/motorblock.fm\/wp-content\/uploads\/2021\/04\/rainer-edited-1.jpeg 2246w, https:\/\/motorblock.fm\/wp-content\/uploads\/2021\/04\/rainer-edited-1-300x300.jpeg 300w, https:\/\/motorblock.fm\/wp-content\/uploads\/2021\/04\/rainer-edited-1-1024x1024.jpeg 1024w, https:\/\/motorblock.fm\/wp-content\/uploads\/2021\/04\/rainer-edited-1-150x150.jpeg 150w, https:\/\/motorblock.fm\/wp-content\/uploads\/2021\/04\/rainer-edited-1-768x768.jpeg 768w, https:\/\/motorblock.fm\/wp-content\/uploads\/2021\/04\/rainer-edited-1-1536x1536.jpeg 1536w, https:\/\/motorblock.fm\/wp-content\/uploads\/2021\/04\/rainer-edited-1-2048x2048.jpeg 2048w, https:\/\/motorblock.fm\/wp-content\/uploads\/2021\/04\/rainer-edited-1-1200x1200.jpeg 1200w, https:\/\/motorblock.fm\/wp-content\/uploads\/2021\/04\/rainer-edited-1-1980x1980.jpeg 1980w\" sizes=\"(max-width: 2246px) 100vw, 2246px\" \/><\/figure><\/div>\n\n\n\n<p class=\"has-text-align-center\"><strong>Rainer Unruh<\/strong><\/p>\n\n\n\n<p class=\"has-drop-cap\" style=\"font-size:14px\"><strong>Rainer Unruh<\/strong>&nbsp;wurde in Koblenz geboren und wuchs dort sowie im Internat bei Diez an der Lahn auf. Sein beruflicher Weg ist ebenso vielf\u00e4ltig wie spannend: Journalist, Videojournalist, Autor, Reporter, Erziehungswissenschaftler, Sozialarbeiter und sogar Taxifahrer.<\/p>\n\n\n\n<p style=\"font-size:14px\">Seit \u00fcber 33 Jahren arbeitet er als Reporter \u2013 zun\u00e4chst im H\u00f6rfunk, seit Mitte der 1990er Jahre \u00fcberwiegend im Fernsehen, unter anderem f\u00fcr SFB, ORB und RBB. F\u00fcr den Rundfunk Berlin-Brandenburg berichtet er regelm\u00e4\u00dfig \u00fcber Autos, Motorr\u00e4der und alles, was mit Motoren zu tun hat. Zudem produziert er Fahrberichte f\u00fcr die Fernsehsendungen&nbsp;<em>N-tv Motor Mobil<\/em>&nbsp;und&nbsp;<em>N-tv Classic Mobil<\/em>.<\/p>\n\n\n\n<p style=\"font-size:14px\">Mit seinem YouTube-Kanal&nbsp;<strong>motorblock fm<\/strong>&nbsp;sowie dem Podcast&nbsp;<strong>motorblock.fm<\/strong>&nbsp;auf Spotify ist Rainer Unruh seit einigen Jahren auch digital unterwegs \u2013 immer mit der gleichen Leidenschaft f\u00fcr Mobilit\u00e4t und spannende Geschichten.<\/p>\n\n\n\n<p><\/p>\n<\/div><\/div>\n\n\n\n<p><\/p>\n","protected":false},"excerpt":{"rendered":"<p>Wir sind Vater und Sohn &#8211; ein Team. Seit vielen Jahren berichten wir aus den unterschiedlichsten Ecken der Welt \u00fcber Autos und Motorr\u00e4der. Von A wie Audi RSQ8 auf Teneriffa bis Z wie Zero das Elektro-Motorrad in Berlin. Wir sind dabei. Das Duo<\/p>\n","protected":false},"author":1,"featured_media":0,"parent":0,"menu_order":0,"comment_status":"closed","ping_status":"closed","template":"","meta":[],"_links":{"self":[{"href":"https:\/\/motorblock.fm\/index.php?rest_route=\/wp\/v2\/pages\/22"}],"collection":[{"href":"https:\/\/motorblock.fm\/index.php?rest_route=\/wp\/v2\/pages"}],"about":[{"href":"https:\/\/motorblock.fm\/index.php?rest_route=\/wp\/v2\/types\/page"}],"author":[{"embeddable":true,"href":"https:\/\/motorblock.fm\/index.php?rest_route=\/wp\/v2\/users\/1"}],"replies":[{"embeddable":true,"href":"https:\/\/motorblock.fm\/index.php?rest_route=%2Fwp%2Fv2%2Fcomments&post=22"}],"version-history":[{"count":13,"href":"https:\/\/motorblock.fm\/index.php?rest_route=\/wp\/v2\/pages\/22\/revisions"}],"predecessor-version":[{"id":802,"href":"https:\/\/motorblock.fm\/index.php?rest_route=\/wp\/v2\/pages\/22\/revisions\/802"}],"wp:attachment":[{"href":"https:\/\/motorblock.fm\/index.php?rest_route=%2Fwp%2Fv2%2Fmedia&parent=22"}],"curies":[{"name":"wp","href":"https:\/\/api.w.org\/{rel}","templated":true}]}}