{"id":21,"date":"2021-03-13T13:13:33","date_gmt":"2021-03-13T13:13:33","guid":{"rendered":"https:\/\/motorblock.fm\/?page_id=21"},"modified":"2023-03-10T10:23:22","modified_gmt":"2023-03-10T10:23:22","slug":"das-neue-museum-oeffnet-seine-tueren-2","status":"publish","type":"page","link":"https:\/\/motorblock.fm\/","title":{"rendered":"Der Podcast f\u00fcr alles rund um Auto und Motorrad"},"content":{"rendered":"\n<div class=\"wp-block-group alignwide\"><div class=\"wp-block-group__inner-container\">\n<h2 class=\"has-text-align-center\">W\u00f6chentlich gibt&#8217;s was neues auf die Ohren.<\/h2>\n<\/div><\/div>\n\n\n<ul class=\"wp-block-latest-posts__list is-grid columns-3 aligncenter wp-block-latest-posts\"><li><div class=\"wp-block-latest-posts__featured-image aligncenter\"><a href=\"https:\/\/motorblock.fm\/?p=787\"><img width=\"150\" height=\"150\" src=\"https:\/\/motorblock.fm\/wp-content\/uploads\/2024\/06\/Shotgun_650106-1-150x150.jpg\" class=\"attachment-thumbnail size-thumbnail wp-post-image\" alt=\"\" loading=\"lazy\" style=\"\" \/><\/a><\/div><a href=\"https:\/\/motorblock.fm\/?p=787\">Royal Enfield Shotgun 650: Roadster \u2013 Bobber \u2013 Cruiser?  Von allen etwas!<\/a><\/li>\n<li><div class=\"wp-block-latest-posts__featured-image aligncenter\"><a href=\"https:\/\/motorblock.fm\/?p=775\"><img width=\"150\" height=\"150\" src=\"https:\/\/motorblock.fm\/wp-content\/uploads\/2024\/02\/BMW-CE-02_20240126_jk_109-150x150.jpg\" class=\"attachment-thumbnail size-thumbnail wp-post-image\" alt=\"\" loading=\"lazy\" style=\"\" \/><\/a><\/div><a href=\"https:\/\/motorblock.fm\/?p=775\">eParkourer &#8211;  Elektroroller &#8211;  E-Scooter &#8211;  Love Machine:  BMW CE 02<\/a><\/li>\n<li><div class=\"wp-block-latest-posts__featured-image aligncenter\"><a href=\"https:\/\/motorblock.fm\/?p=761\"><img width=\"150\" height=\"150\" src=\"https:\/\/motorblock.fm\/wp-content\/uploads\/2023\/10\/hyundai-kona-electric-0923-01_wid_1024-150x150.jpg\" class=\"attachment-thumbnail size-thumbnail wp-post-image\" alt=\"\" loading=\"lazy\" style=\"\" \/><\/a><\/div><a href=\"https:\/\/motorblock.fm\/?p=761\">Der neue Hyundai Kona Elektro<\/a><\/li>\n<li><div class=\"wp-block-latest-posts__featured-image aligncenter\"><a href=\"https:\/\/motorblock.fm\/?p=740\"><img width=\"150\" height=\"150\" src=\"https:\/\/motorblock.fm\/wp-content\/uploads\/2023\/10\/1.-Renault-Kangoo-Rapid-E-Tech-Electric-jetzt-auch-als-Langversion-Foto-RUn-150x150.jpeg\" class=\"attachment-thumbnail size-thumbnail wp-post-image\" alt=\"\" loading=\"lazy\" style=\"\" \/><\/a><\/div><a href=\"https:\/\/motorblock.fm\/?p=740\">Praktische Franzosen: Renault Kangoo Rapid E-Tech Electric und Trafic E-Tech Elektric.<\/a><\/li>\n<\/ul>\n\n\n<p class=\"has-text-align-center\" style=\"font-size:28px\"><br><strong><em>Eines der besten Mittel gegen das Altwerden ist das D\u00f6sen am Steuer eines fahrenden Autos.<\/em><\/strong><\/p>\n\n\n\n<p class=\"has-text-align-right\" style=\"font-size:16px\"><em>Juan Manuel Fangio<\/em><\/p>\n\n\n\n<p><\/p>\n\n\n\n<p>Wir wollen alt werden bei motorblock.fm, deshalb nehmen wir uns die Worte von Juan Manuel Fangio zu Herzen und bleiben sch\u00f6n wach und aufmerksam bei unseren Touren mit allem was einen Motor hat. <\/p>\n\n\n\n<p>motorblock.fm ist ein w\u00f6chentlicher Podcast zu den Themen Auto, Motorrad und allem was sich auf vier- und zwei R\u00e4dern mechanisch und elektrisch bewegen kann.<\/p>\n\n\n\n<p><\/p>\n\n\n\n<p><br>In den H\u00f6rgeschichten stellen wir neue Fahrzeuge und Motorr\u00e4der vor und lassen Designer, Techniker, Produktmanager und \u201eMotor-Heads\u201c zu Wort kommen.<br>Sie und Ihr k\u00f6nnen und k\u00f6nnt motorblock.fm bei Spotify und bei Apple Podcast h\u00f6ren.<br>Bei Instagram und hier auf unserer Website ver\u00f6ffentlichen wir die aktuellen Fotos und Clips sowie Texte zum jeweiligen Podcast<\/p>\n\n\n\n<p>Wir freuen uns wenn Ihr und Sie reinh\u00f6rt und hier oder auf motorblock.fm bei Spotify, YouTube, TikTok und Instagram vorbeischaut. Viel Spa\u00df w\u00fcnscht das Team von motorblock.fm<\/p>\n","protected":false},"excerpt":{"rendered":"<p>Eines der besten Mittel gegen das Altwerden ist das D\u00f6sen am Steuer eines fahrenden Autos. Juan Manuel Fangio Wir wollen alt werden bei motorblock.fm, deshalb nehmen wir uns die Worte von Juan Manuel Fangio zu Herzen und bleiben sch\u00f6n wach und aufmerksam bei unseren Touren mit allem was einen Motor hat. motorblock.fm ist ein w\u00f6chentlicher [&hellip;]<\/p>\n","protected":false},"author":1,"featured_media":150,"parent":0,"menu_order":0,"comment_status":"closed","ping_status":"closed","template":"templates\/template-cover.php","meta":[],"_links":{"self":[{"href":"https:\/\/motorblock.fm\/index.php?rest_route=\/wp\/v2\/pages\/21"}],"collection":[{"href":"https:\/\/motorblock.fm\/index.php?rest_route=\/wp\/v2\/pages"}],"about":[{"href":"https:\/\/motorblock.fm\/index.php?rest_route=\/wp\/v2\/types\/page"}],"author":[{"embeddable":true,"href":"https:\/\/motorblock.fm\/index.php?rest_route=\/wp\/v2\/users\/1"}],"replies":[{"embeddable":true,"href":"https:\/\/motorblock.fm\/index.php?rest_route=%2Fwp%2Fv2%2Fcomments&post=21"}],"version-history":[{"count":10,"href":"https:\/\/motorblock.fm\/index.php?rest_route=\/wp\/v2\/pages\/21\/revisions"}],"predecessor-version":[{"id":700,"href":"https:\/\/motorblock.fm\/index.php?rest_route=\/wp\/v2\/pages\/21\/revisions\/700"}],"wp:featuredmedia":[{"embeddable":true,"href":"https:\/\/motorblock.fm\/index.php?rest_route=\/wp\/v2\/media\/150"}],"wp:attachment":[{"href":"https:\/\/motorblock.fm\/index.php?rest_route=%2Fwp%2Fv2%2Fmedia&parent=21"}],"curies":[{"name":"wp","href":"https:\/\/api.w.org\/{rel}","templated":true}]}}